{"id":26,"date":"2022-06-18T11:58:48","date_gmt":"2022-06-18T11:58:48","guid":{"rendered":"https:\/\/nsbomi.com\/trgovine\/?page_id=26"},"modified":"2022-09-10T21:09:40","modified_gmt":"2022-09-10T19:09:40","slug":"o-nama","status":"publish","type":"page","link":"https:\/\/nsbomi.com\/trgovine\/o-nama\/","title":{"rendered":"O nama"},"content":{"rendered":"\t\t<div data-elementor-type=\"wp-page\" data-elementor-id=\"26\" class=\"elementor elementor-26\" data-elementor-post-type=\"page\">\n\t\t\t\t\t\t<section class=\"elementor-section elementor-top-section elementor-element elementor-element-1e9986d elementor-section-height-min-height elementor-section-items-stretch elementor-section-boxed elementor-section-height-default\" data-id=\"1e9986d\" data-element_type=\"section\" data-e-type=\"section\" data-settings=\"{&quot;background_background&quot;:&quot;classic&quot;,&quot;background_motion_fx_motion_fx_scrolling&quot;:&quot;yes&quot;,&quot;background_motion_fx_translateY_effect&quot;:&quot;yes&quot;,&quot;background_motion_fx_translateY_direction&quot;:&quot;negative&quot;,&quot;background_motion_fx_translateY_speed&quot;:{&quot;unit&quot;:&quot;px&quot;,&quot;size&quot;:4,&quot;sizes&quot;:[]},&quot;background_motion_fx_translateY_affectedRange&quot;:{&quot;unit&quot;:&quot;%&quot;,&quot;size&quot;:&quot;&quot;,&quot;sizes&quot;:{&quot;start&quot;:0,&quot;end&quot;:100}},&quot;background_motion_fx_devices&quot;:[&quot;desktop&quot;,&quot;tablet&quot;,&quot;mobile&quot;]}\">\n\t\t\t\t\t\t\t<div class=\"elementor-background-overlay\"><\/div>\n\t\t\t\t\t\t\t<div class=\"elementor-container elementor-column-gap-no\">\n\t\t\t\t\t<div class=\"elementor-column elementor-col-50 elementor-top-column elementor-element elementor-element-24224a3\" data-id=\"24224a3\" data-element_type=\"column\" data-e-type=\"column\" data-settings=\"{&quot;background_background&quot;:&quot;classic&quot;}\">\n\t\t\t<div class=\"elementor-widget-wrap elementor-element-populated\">\n\t\t\t\t\t\t<div class=\"elementor-element elementor-element-5ca256c elementor-widget elementor-widget-heading\" data-id=\"5ca256c\" data-element_type=\"widget\" data-e-type=\"widget\" data-widget_type=\"heading.default\">\n\t\t\t\t\t<h2 class=\"elementor-heading-title elementor-size-default\">O nama<\/h2>\t\t\t\t<\/div>\n\t\t\t\t<div class=\"elementor-element elementor-element-b5894f9 elementor-widget elementor-widget-text-editor\" data-id=\"b5894f9\" data-element_type=\"widget\" data-e-type=\"widget\" data-widget_type=\"text-editor.default\">\n\t\t\t\t\t\t\t\t\t<p>Skoro 30 godina te\u0161kog i napornog rada, u\u010dinili su da je danas NS BOMI preduze\u0107e kome podjednako veruju potro\u0161a\u010di, distributeri i veliki proizvo\u0111a\u010di. Zajedno sa svojim poslovnim partnerima, kreiramo jedinstvenu ponudu &#8211; najbolju i najkvalitetniju za kupca. \u017delja nam je da na\u0161im potro\u0161a\u010dima ponudimo \u0161to bolje uslove kroz niske cene, stalne akcije i \u0161irok asortiman, a sve to uz odlo\u017eeno pla\u0107anje&#8230; I tako iz godine u godinu.<\/p>\t\t\t\t\t\t\t\t<\/div>\n\t\t\t\t\t<\/div>\n\t\t<\/div>\n\t\t\t\t<div class=\"elementor-column elementor-col-50 elementor-top-column elementor-element elementor-element-1c7d17e elementor-hidden-mobile\" data-id=\"1c7d17e\" data-element_type=\"column\" data-e-type=\"column\">\n\t\t\t<div class=\"elementor-widget-wrap\">\n\t\t\t\t\t\t\t<\/div>\n\t\t<\/div>\n\t\t\t\t\t<\/div>\n\t\t<\/section>\n\t\t\t\t<section class=\"elementor-section elementor-top-section elementor-element elementor-element-c970e6d elementor-section-boxed elementor-section-height-default elementor-section-height-default\" data-id=\"c970e6d\" data-element_type=\"section\" data-e-type=\"section\">\n\t\t\t\t\t\t<div class=\"elementor-container elementor-column-gap-default\">\n\t\t\t\t\t<div class=\"elementor-column elementor-col-100 elementor-top-column elementor-element elementor-element-e8cc0a5\" data-id=\"e8cc0a5\" data-element_type=\"column\" data-e-type=\"column\">\n\t\t\t<div class=\"elementor-widget-wrap elementor-element-populated\">\n\t\t\t\t\t\t<div class=\"elementor-element elementor-element-9ba224b elementor-widget elementor-widget-text-editor\" data-id=\"9ba224b\" data-element_type=\"widget\" data-e-type=\"widget\" data-widget_type=\"text-editor.default\">\n\t\t\t\t\t\t\t\t\t<p>U na\u0161im prodavnicama, uvek \u0107ete prona\u0107i asortiman i cene koje te\u0161ko mo\u017ee pratiti bilo koja prodavnica u okru\u017eenju. NS BOMI, po re\u010dima svih, nije obi\u010dna trgovina. Znamo da se za na\u0161u ponudu ka\u017ee da je najbolja u regionu, a ono \u0161to nas posebno odvaja od drugih, sli\u010dnih prodavnica, je i jo\u0161 ne\u0161to &#8211; odnos prema kupcu. Svi zaposelni, sa pa\u017enjom oslu\u0161kuju \u017eelje potro\u0161a\u010da, uz vrhunsku uslugu i ljubaznost. Bira se najbolja ponuda, od najboljih, a na policama, uvek postoji ne\u0161to \u0161to drugi nemaju, po cenama prihvatljivim za sve.<\/p>\t\t\t\t\t\t\t\t<\/div>\n\t\t\t\t\t<\/div>\n\t\t<\/div>\n\t\t\t\t\t<\/div>\n\t\t<\/section>\n\t\t\t\t<section class=\"elementor-section elementor-top-section elementor-element elementor-element-5c9361a elementor-section-boxed elementor-section-height-default elementor-section-height-default\" data-id=\"5c9361a\" data-element_type=\"section\" data-e-type=\"section\">\n\t\t\t\t\t\t<div class=\"elementor-container elementor-column-gap-default\">\n\t\t\t\t\t<div class=\"elementor-column elementor-col-50 elementor-top-column elementor-element elementor-element-fe471f2\" data-id=\"fe471f2\" data-element_type=\"column\" data-e-type=\"column\">\n\t\t\t<div class=\"elementor-widget-wrap elementor-element-populated\">\n\t\t\t\t\t\t<div class=\"elementor-element elementor-element-c7cdf84 elementor-widget elementor-widget-text-editor\" data-id=\"c7cdf84\" data-element_type=\"widget\" data-e-type=\"widget\" data-widget_type=\"text-editor.default\">\n\t\t\t\t\t\t\t\t\t<p><span style=\"color: var( --e-global-color-978e6e7 );\">Postoji samo jedan pravi odgovor na pitanje: \u201cKoji je cilj biznisa?\u201d i on glasi &#8222;Stvoriti zadovoljnog kupca!&#8220;. To je poslovna politika NS BOMI-ja. Potro\u0161a\u010di pa\u017enju znaju da prepoznaju, i zato i jesu tu, svakog dana, od prvih jutarnjih sati do kraja radnog vremena.<\/span><\/p><p><span style=\"color: var( --e-global-color-978e6e7 );\">Sve mo\u017ee da se pobolj\u0161a i to se \u010dini ve\u0107 godinama. Danas NS BOMI predstavlja lokalni lanac maloprodajnih objekata sa centralnim magacinom i sopstvenom distribucijom. Najponosniji smo na na\u0161 najve\u0107i objekat, supermarket reprezentativnog izgleda &#8211; &#8222;SuperBOMI&#8220;, koji na preko 1400 m2 nudi pro\u0161ireni asortiman roba, uz prate\u0107e sadr\u017eaje kao \u0161to su kafi\u0107, igraonica za decu, kuhinja gotovih jela za poneti&#8230;<\/span><\/p><p><span style=\"color: var( --e-global-color-978e6e7 );\">Na\u0161i planovi su okrenuti ravnomernom, postepenom razvoju i otvaranju novih objekata razli\u010ditih tipova. Uz planirano pro\u0161irenje prodajne mre\u017ee neminovno dolazi i pove\u0107anje broja zaposlenih, pa se svi mi u NS BOMI porodici radujemo udru\u017eivanju sa novim, kvalitetnim saradnicima na svim poljima.<\/span><\/p><p>U korak sa vremenom, ispred drugih !<\/p>\t\t\t\t\t\t\t\t<\/div>\n\t\t\t\t\t<\/div>\n\t\t<\/div>\n\t\t\t\t<div class=\"elementor-column elementor-col-50 elementor-top-column elementor-element elementor-element-36e04f2\" data-id=\"36e04f2\" data-element_type=\"column\" data-e-type=\"column\">\n\t\t\t<div class=\"elementor-widget-wrap elementor-element-populated\">\n\t\t\t\t\t\t<div class=\"elementor-element elementor-element-81bdec0 elementor-widget elementor-widget-image\" data-id=\"81bdec0\" data-element_type=\"widget\" data-e-type=\"widget\" data-widget_type=\"image.default\">\n\t\t\t\t\t\t\t\t\t\t\t\t\t\t\t<img fetchpriority=\"high\" decoding=\"async\" width=\"555\" height=\"358\" src=\"https:\/\/nsbomi.com\/trgovine\/wp-content\/uploads\/Frame-86-1.jpg\" class=\"attachment-large size-large wp-image-28\" alt=\"\" srcset=\"https:\/\/nsbomi.com\/trgovine\/wp-content\/uploads\/Frame-86-1.jpg 555w, https:\/\/nsbomi.com\/trgovine\/wp-content\/uploads\/Frame-86-1-300x194.jpg 300w\" sizes=\"(max-width: 555px) 100vw, 555px\" \/>\t\t\t\t\t\t\t\t\t\t\t\t\t\t\t<\/div>\n\t\t\t\t\t<\/div>\n\t\t<\/div>\n\t\t\t\t\t<\/div>\n\t\t<\/section>\n\t\t\t\t<section class=\"elementor-section elementor-top-section elementor-element elementor-element-9335e52 elementor-section-height-min-height elementor-section-boxed elementor-section-height-default elementor-section-items-middle\" data-id=\"9335e52\" data-element_type=\"section\" data-e-type=\"section\" data-settings=\"{&quot;background_background&quot;:&quot;classic&quot;}\">\n\t\t\t\t\t\t<div class=\"elementor-container elementor-column-gap-default\">\n\t\t\t\t\t<div class=\"elementor-column elementor-col-100 elementor-top-column elementor-element elementor-element-7daa9a5\" data-id=\"7daa9a5\" data-element_type=\"column\" data-e-type=\"column\">\n\t\t\t<div class=\"elementor-widget-wrap elementor-element-populated\">\n\t\t\t\t\t\t<div class=\"elementor-element elementor-element-29a4115 elementor-widget elementor-widget-heading\" data-id=\"29a4115\" data-element_type=\"widget\" data-e-type=\"widget\" data-widget_type=\"heading.default\">\n\t\t\t\t\t<h2 class=\"elementor-heading-title elementor-size-default\">Sertifikati<\/h2>\t\t\t\t<\/div>\n\t\t\t\t\t<\/div>\n\t\t<\/div>\n\t\t\t\t\t<\/div>\n\t\t<\/section>\n\t\t\t\t<section class=\"elementor-section elementor-top-section elementor-element elementor-element-52c19c3 elementor-section-boxed elementor-section-height-default elementor-section-height-default\" data-id=\"52c19c3\" data-element_type=\"section\" data-e-type=\"section\">\n\t\t\t\t\t\t<div class=\"elementor-container elementor-column-gap-default\">\n\t\t\t\t\t<div class=\"elementor-column elementor-col-100 elementor-top-column elementor-element elementor-element-eef8925\" data-id=\"eef8925\" data-element_type=\"column\" data-e-type=\"column\">\n\t\t\t<div class=\"elementor-widget-wrap elementor-element-populated\">\n\t\t\t\t\t\t<div class=\"elementor-element elementor-element-a4855a3 elementor-widget elementor-widget-gallery\" data-id=\"a4855a3\" data-element_type=\"widget\" data-e-type=\"widget\" data-settings=\"{&quot;columns&quot;:2,&quot;gap&quot;:{&quot;unit&quot;:&quot;px&quot;,&quot;size&quot;:20,&quot;sizes&quot;:[]},&quot;lazyload&quot;:&quot;yes&quot;,&quot;gallery_layout&quot;:&quot;grid&quot;,&quot;columns_tablet&quot;:2,&quot;columns_mobile&quot;:1,&quot;gap_tablet&quot;:{&quot;unit&quot;:&quot;px&quot;,&quot;size&quot;:10,&quot;sizes&quot;:[]},&quot;gap_mobile&quot;:{&quot;unit&quot;:&quot;px&quot;,&quot;size&quot;:10,&quot;sizes&quot;:[]},&quot;link_to&quot;:&quot;file&quot;,&quot;aspect_ratio&quot;:&quot;3:2&quot;,&quot;overlay_background&quot;:&quot;yes&quot;,&quot;content_hover_animation&quot;:&quot;fade-in&quot;}\" data-widget_type=\"gallery.default\">\n\t\t\t\t\t\t\t<div class=\"elementor-gallery__container\">\r\n\t\t\t\t\t\t\t<a class=\"e-gallery-item elementor-gallery-item elementor-animated-content\" href=\"https:\/\/nsbomi.com\/trgovine\/wp-content\/uploads\/sertifikat-aaa.jpg\" data-elementor-open-lightbox=\"yes\" data-elementor-lightbox-slideshow=\"a4855a3\" data-elementor-lightbox-title=\"sertifikat-aaa\" data-e-action-hash=\"#elementor-action%3Aaction%3Dlightbox%26settings%3DeyJpZCI6OTEsInVybCI6Imh0dHBzOlwvXC9uc2JvbWkuY29tXC90cmdvdmluZVwvd3AtY29udGVudFwvdXBsb2Fkc1wvc2VydGlmaWthdC1hYWEuanBnIiwic2xpZGVzaG93IjoiYTQ4NTVhMyJ9\">\r\n\t\t\t\t\t<div class=\"e-gallery-image elementor-gallery-item__image\" data-thumbnail=\"https:\/\/nsbomi.com\/trgovine\/wp-content\/uploads\/sertifikat-aaa.jpg\" data-width=\"721\" data-height=\"1024\" aria-label=\"\" role=\"img\" ><\/div>\r\n\t\t\t\t\t\t\t\t\t\t\t<div class=\"elementor-gallery-item__overlay\"><\/div>\r\n\t\t\t\t\t\t\t\t\t\t\t\t\t\t<\/a>\r\n\t\t\t\t\t\t\t<a class=\"e-gallery-item elementor-gallery-item elementor-animated-content\" href=\"https:\/\/nsbomi.com\/trgovine\/wp-content\/uploads\/sertifikat-hccp.jpg\" data-elementor-open-lightbox=\"yes\" data-elementor-lightbox-slideshow=\"a4855a3\" data-elementor-lightbox-title=\"sertifikat-hccp\" data-e-action-hash=\"#elementor-action%3Aaction%3Dlightbox%26settings%3DeyJpZCI6OTIsInVybCI6Imh0dHBzOlwvXC9uc2JvbWkuY29tXC90cmdvdmluZVwvd3AtY29udGVudFwvdXBsb2Fkc1wvc2VydGlmaWthdC1oY2NwLmpwZyIsInNsaWRlc2hvdyI6ImE0ODU1YTMifQ%3D%3D\">\r\n\t\t\t\t\t<div class=\"e-gallery-image elementor-gallery-item__image\" data-thumbnail=\"https:\/\/nsbomi.com\/trgovine\/wp-content\/uploads\/sertifikat-hccp.jpg\" data-width=\"1448\" data-height=\"1024\" aria-label=\"\" role=\"img\" ><\/div>\r\n\t\t\t\t\t\t\t\t\t\t\t<div class=\"elementor-gallery-item__overlay\"><\/div>\r\n\t\t\t\t\t\t\t\t\t\t\t\t\t\t<\/a>\r\n\t\t\t\t\t<\/div>\r\n\t\t\t\t\t<\/div>\n\t\t\t\t\t<\/div>\n\t\t<\/div>\n\t\t\t\t\t<\/div>\n\t\t<\/section>\n\t\t\t\t<\/div>\n\t\t","protected":false},"excerpt":{"rendered":"<p>O nama Skoro 30 godina te\u0161kog i napornog rada, u\u010dinili su da je danas NS BOMI preduze\u0107e kome podjednako veruju potro\u0161a\u010di, distributeri i veliki proizvo\u0111a\u010di. Zajedno sa svojim poslovnim partnerima, kreiramo jedinstvenu ponudu &#8211; najbolju i najkvalitetniju za kupca. \u017delja nam je da na\u0161im potro\u0161a\u010dima ponudimo \u0161to bolje uslove kroz niske cene, stalne akcije i [&hellip;]<\/p>\n","protected":false},"author":2,"featured_media":0,"parent":0,"menu_order":0,"comment_status":"closed","ping_status":"closed","template":"","meta":{"footnotes":""},"class_list":["post-26","page","type-page","status-publish","hentry"],"_links":{"self":[{"href":"https:\/\/nsbomi.com\/trgovine\/wp-json\/wp\/v2\/pages\/26","targetHints":{"allow":["GET"]}}],"collection":[{"href":"https:\/\/nsbomi.com\/trgovine\/wp-json\/wp\/v2\/pages"}],"about":[{"href":"https:\/\/nsbomi.com\/trgovine\/wp-json\/wp\/v2\/types\/page"}],"author":[{"embeddable":true,"href":"https:\/\/nsbomi.com\/trgovine\/wp-json\/wp\/v2\/users\/2"}],"replies":[{"embeddable":true,"href":"https:\/\/nsbomi.com\/trgovine\/wp-json\/wp\/v2\/comments?post=26"}],"version-history":[{"count":16,"href":"https:\/\/nsbomi.com\/trgovine\/wp-json\/wp\/v2\/pages\/26\/revisions"}],"predecessor-version":[{"id":847,"href":"https:\/\/nsbomi.com\/trgovine\/wp-json\/wp\/v2\/pages\/26\/revisions\/847"}],"wp:attachment":[{"href":"https:\/\/nsbomi.com\/trgovine\/wp-json\/wp\/v2\/media?parent=26"}],"curies":[{"name":"wp","href":"https:\/\/api.w.org\/{rel}","templated":true}]}}