{"id":1029,"date":"2022-11-03T14:05:54","date_gmt":"2022-11-03T13:05:54","guid":{"rendered":"https:\/\/nsbomi.com\/trgovine\/?page_id=1029"},"modified":"2022-11-03T14:05:54","modified_gmt":"2022-11-03T13:05:54","slug":"news","status":"publish","type":"page","link":"https:\/\/nsbomi.com\/trgovine\/en\/news\/","title":{"rendered":"News"},"content":{"rendered":"\t\t<div data-elementor-type=\"wp-page\" data-elementor-id=\"1029\" class=\"elementor elementor-1029\" data-elementor-post-type=\"page\">\n\t\t\t\t\t\t<section class=\"elementor-section elementor-top-section elementor-element elementor-element-6fc69be elementor-section-height-min-height elementor-section-items-stretch elementor-section-full_width elementor-section-height-default\" data-id=\"6fc69be\" data-element_type=\"section\" data-e-type=\"section\" data-settings=\"{&quot;background_background&quot;:&quot;classic&quot;,&quot;background_motion_fx_motion_fx_scrolling&quot;:&quot;yes&quot;,&quot;background_motion_fx_translateY_effect&quot;:&quot;yes&quot;,&quot;background_motion_fx_translateY_direction&quot;:&quot;negative&quot;,&quot;background_motion_fx_translateY_speed&quot;:{&quot;unit&quot;:&quot;px&quot;,&quot;size&quot;:4,&quot;sizes&quot;:[]},&quot;background_motion_fx_translateY_affectedRange&quot;:{&quot;unit&quot;:&quot;%&quot;,&quot;size&quot;:&quot;&quot;,&quot;sizes&quot;:{&quot;start&quot;:0,&quot;end&quot;:100}},&quot;background_motion_fx_devices&quot;:[&quot;desktop&quot;,&quot;tablet&quot;,&quot;mobile&quot;]}\">\n\t\t\t\t\t\t<div class=\"elementor-container elementor-column-gap-no\">\n\t\t\t\t\t<div class=\"elementor-column elementor-col-100 elementor-top-column elementor-element elementor-element-622f02c\" data-id=\"622f02c\" data-element_type=\"column\" data-e-type=\"column\">\n\t\t\t<div class=\"elementor-widget-wrap elementor-element-populated\">\n\t\t\t\t\t\t<div class=\"elementor-element elementor-element-e2368fd elementor--h-position-center elementor--v-position-middle elementor-arrows-position-inside elementor-pagination-position-inside elementor-widget elementor-widget-slides\" data-id=\"e2368fd\" data-element_type=\"widget\" data-e-type=\"widget\" data-settings=\"{&quot;navigation&quot;:&quot;both&quot;,&quot;autoplay&quot;:&quot;yes&quot;,&quot;pause_on_hover&quot;:&quot;yes&quot;,&quot;pause_on_interaction&quot;:&quot;yes&quot;,&quot;autoplay_speed&quot;:5000,&quot;infinite&quot;:&quot;yes&quot;,&quot;transition&quot;:&quot;slide&quot;,&quot;transition_speed&quot;:500}\" data-widget_type=\"slides.default\">\n\t\t\t\t\t\t\t\t\t\t<div class=\"elementor-slides-wrapper elementor-main-swiper swiper\" role=\"region\" aria-roledescription=\"carousel\" aria-label=\"Slides\" dir=\"ltr\" data-animation=\"fadeInUp\">\n\t\t\t\t<div class=\"swiper-wrapper elementor-slides\">\n\t\t\t\t\t\t\t\t\t\t<div class=\"elementor-repeater-item-31a6544 swiper-slide\" role=\"group\" aria-roledescription=\"slide\"><div class=\"swiper-slide-bg\" role=\"img\" aria-label=\"lokal-za-izdavanje\"><\/div><div class=\"swiper-slide-inner\" ><div class=\"swiper-slide-contents\"><\/div><\/div><\/div>\t\t\t\t<\/div>\n\t\t\t\t\t\t\t<\/div>\n\t\t\t\t\t\t\t\t<\/div>\n\t\t\t\t\t<\/div>\n\t\t<\/div>\n\t\t\t\t\t<\/div>\n\t\t<\/section>\n\t\t\t\t<section class=\"elementor-section elementor-top-section elementor-element elementor-element-48c29a1 elementor-section-boxed elementor-section-height-default elementor-section-height-default\" data-id=\"48c29a1\" data-element_type=\"section\" data-e-type=\"section\">\n\t\t\t\t\t\t<div class=\"elementor-container elementor-column-gap-default\">\n\t\t\t\t\t<div class=\"elementor-column elementor-col-100 elementor-top-column elementor-element elementor-element-ccc8767\" data-id=\"ccc8767\" data-element_type=\"column\" data-e-type=\"column\">\n\t\t\t<div class=\"elementor-widget-wrap elementor-element-populated\">\n\t\t\t\t\t\t<div class=\"elementor-element elementor-element-ce7910b elementor-grid-3 elementor-grid-tablet-2 elementor-grid-mobile-1 elementor-posts--thumbnail-top elementor-card-shadow-yes elementor-posts__hover-gradient elementor-widget elementor-widget-posts\" data-id=\"ce7910b\" data-element_type=\"widget\" data-e-type=\"widget\" data-settings=\"{&quot;cards_columns&quot;:&quot;3&quot;,&quot;cards_columns_tablet&quot;:&quot;2&quot;,&quot;cards_columns_mobile&quot;:&quot;1&quot;,&quot;cards_row_gap&quot;:{&quot;unit&quot;:&quot;px&quot;,&quot;size&quot;:35,&quot;sizes&quot;:[]},&quot;cards_row_gap_tablet&quot;:{&quot;unit&quot;:&quot;px&quot;,&quot;size&quot;:&quot;&quot;,&quot;sizes&quot;:[]},&quot;cards_row_gap_mobile&quot;:{&quot;unit&quot;:&quot;px&quot;,&quot;size&quot;:&quot;&quot;,&quot;sizes&quot;:[]}}\" data-widget_type=\"posts.cards\">\n\t\t\t\t<div class=\"elementor-widget-container\">\n\t\t\t\t\t\t\t<div class=\"elementor-posts-container elementor-posts elementor-posts--skin-cards elementor-grid\" role=\"list\">\n\t\t\t\t<article class=\"elementor-post elementor-grid-item post-1807 post type-post status-publish format-standard has-post-thumbnail hentry category-novosti\" role=\"listitem\">\n\t\t\t<div class=\"elementor-post__card\">\n\t\t\t\t<a class=\"elementor-post__thumbnail__link\" href=\"https:\/\/nsbomi.com\/trgovine\/novosti\/idea-dance-fest-2025\/\" tabindex=\"-1\"><div class=\"elementor-post__thumbnail\"><img fetchpriority=\"high\" decoding=\"async\" width=\"1600\" height=\"1067\" src=\"https:\/\/nsbomi.com\/trgovine\/wp-content\/uploads\/IMG-02e30e72f14bcd05063033c521bfb617-V.webp\" class=\"attachment-full size-full wp-image-1810\" alt=\"\" srcset=\"https:\/\/nsbomi.com\/trgovine\/wp-content\/uploads\/IMG-02e30e72f14bcd05063033c521bfb617-V.webp 1600w, https:\/\/nsbomi.com\/trgovine\/wp-content\/uploads\/IMG-02e30e72f14bcd05063033c521bfb617-V-300x200.webp 300w, https:\/\/nsbomi.com\/trgovine\/wp-content\/uploads\/IMG-02e30e72f14bcd05063033c521bfb617-V-1024x683.webp 1024w, https:\/\/nsbomi.com\/trgovine\/wp-content\/uploads\/IMG-02e30e72f14bcd05063033c521bfb617-V-768x512.webp 768w, https:\/\/nsbomi.com\/trgovine\/wp-content\/uploads\/IMG-02e30e72f14bcd05063033c521bfb617-V-1536x1024.webp 1536w\" sizes=\"(max-width: 1600px) 100vw, 1600px\" \/><\/div><\/a>\n\t\t\t\t<div class=\"elementor-post__text\">\n\t\t\t\t<h3 class=\"elementor-post__title\">\n\t\t\t<a href=\"https:\/\/nsbomi.com\/trgovine\/novosti\/idea-dance-fest-2025\/\">\n\t\t\t\tIdea Dance Fest 2025\t\t\t<\/a>\n\t\t<\/h3>\n\t\t\t\t<div class=\"elementor-post__excerpt\">\n\t\t\t<p>U sportsko kulturnom centru Obrenovac 09.03. 2025. tradicionalno je odr\u017ean Idea Dance festival. Manifestaciji je prisustvovalo oko 1000 u\u010desnika \u2013 takmi\u010dara u savremenom i modernom<\/p>\n\t\t<\/div>\n\t\t\n\t\t<a class=\"elementor-post__read-more\" href=\"https:\/\/nsbomi.com\/trgovine\/novosti\/idea-dance-fest-2025\/\" aria-label=\"Read more about Idea Dance Fest 2025\" tabindex=\"-1\">\n\t\t\tPro\u010ditaj vi\u0161e \u00bb\t\t<\/a>\n\n\t\t\t\t<\/div>\n\t\t\t\t<div class=\"elementor-post__meta-data\">\n\t\t\t\t\t<span class=\"elementor-post-date\">\n\t\t\t11 april, 2025.\t\t<\/span>\n\t\t\t\t<\/div>\n\t\t\t\t\t<\/div>\n\t\t<\/article>\n\t\t\t\t<article class=\"elementor-post elementor-grid-item post-1860 post type-post status-publish format-standard has-post-thumbnail hentry category-novosti\" role=\"listitem\">\n\t\t\t<div class=\"elementor-post__card\">\n\t\t\t\t<a class=\"elementor-post__thumbnail__link\" href=\"https:\/\/nsbomi.com\/trgovine\/novosti\/otvaranje-ns-bomi-lipovica\/\" tabindex=\"-1\"><div class=\"elementor-post__thumbnail\"><img decoding=\"async\" width=\"1920\" height=\"1080\" src=\"https:\/\/nsbomi.com\/trgovine\/wp-content\/uploads\/NS-BOMI-DRAZENOVAC-.webp\" class=\"attachment-full size-full wp-image-1865\" alt=\"\" srcset=\"https:\/\/nsbomi.com\/trgovine\/wp-content\/uploads\/NS-BOMI-DRAZENOVAC-.webp 1920w, https:\/\/nsbomi.com\/trgovine\/wp-content\/uploads\/NS-BOMI-DRAZENOVAC--300x169.webp 300w, https:\/\/nsbomi.com\/trgovine\/wp-content\/uploads\/NS-BOMI-DRAZENOVAC--1024x576.webp 1024w, https:\/\/nsbomi.com\/trgovine\/wp-content\/uploads\/NS-BOMI-DRAZENOVAC--768x432.webp 768w, https:\/\/nsbomi.com\/trgovine\/wp-content\/uploads\/NS-BOMI-DRAZENOVAC--1536x864.webp 1536w\" sizes=\"(max-width: 1920px) 100vw, 1920px\" \/><\/div><\/a>\n\t\t\t\t<div class=\"elementor-post__text\">\n\t\t\t\t<h3 class=\"elementor-post__title\">\n\t\t\t<a href=\"https:\/\/nsbomi.com\/trgovine\/novosti\/otvaranje-ns-bomi-lipovica\/\">\n\t\t\t\tOtvaranje Ns Bomi Lipovica\t\t\t<\/a>\n\t\t<\/h3>\n\t\t\t\t<div class=\"elementor-post__excerpt\">\n\t\t\t<p>03.04.2025. otvoren je 16-ti po redu Ns Bomi market u Barajevu na adresi Dra\u017eanovac 24. U moderno opremljenom prostoru\u00a0 povr\u0161ine 300m kvadratnih , asortimanom od<\/p>\n\t\t<\/div>\n\t\t\n\t\t<a class=\"elementor-post__read-more\" href=\"https:\/\/nsbomi.com\/trgovine\/novosti\/otvaranje-ns-bomi-lipovica\/\" aria-label=\"Read more about Otvaranje Ns Bomi Lipovica\" tabindex=\"-1\">\n\t\t\tPro\u010ditaj vi\u0161e \u00bb\t\t<\/a>\n\n\t\t\t\t<\/div>\n\t\t\t\t<div class=\"elementor-post__meta-data\">\n\t\t\t\t\t<span class=\"elementor-post-date\">\n\t\t\t4 april, 2025.\t\t<\/span>\n\t\t\t\t<\/div>\n\t\t\t\t\t<\/div>\n\t\t<\/article>\n\t\t\t\t<article class=\"elementor-post elementor-grid-item post-1848 post type-post status-publish format-standard has-post-thumbnail hentry category-novosti\" role=\"listitem\">\n\t\t\t<div class=\"elementor-post__card\">\n\t\t\t\t<a class=\"elementor-post__thumbnail__link\" href=\"https:\/\/nsbomi.com\/trgovine\/novosti\/otvaranje-ns-bomi-obilaznica\/\" tabindex=\"-1\"><div class=\"elementor-post__thumbnail\"><img decoding=\"async\" width=\"2560\" height=\"1920\" src=\"https:\/\/nsbomi.com\/trgovine\/wp-content\/uploads\/IMG_3774X-scaled.webp\" class=\"attachment-full size-full wp-image-1849\" alt=\"\" srcset=\"https:\/\/nsbomi.com\/trgovine\/wp-content\/uploads\/IMG_3774X-scaled.webp 2560w, https:\/\/nsbomi.com\/trgovine\/wp-content\/uploads\/IMG_3774X-300x225.webp 300w, https:\/\/nsbomi.com\/trgovine\/wp-content\/uploads\/IMG_3774X-1024x768.webp 1024w, https:\/\/nsbomi.com\/trgovine\/wp-content\/uploads\/IMG_3774X-768x576.webp 768w, https:\/\/nsbomi.com\/trgovine\/wp-content\/uploads\/IMG_3774X-1536x1152.webp 1536w, https:\/\/nsbomi.com\/trgovine\/wp-content\/uploads\/IMG_3774X-2048x1536.webp 2048w\" sizes=\"(max-width: 2560px) 100vw, 2560px\" \/><\/div><\/a>\n\t\t\t\t<div class=\"elementor-post__text\">\n\t\t\t\t<h3 class=\"elementor-post__title\">\n\t\t\t<a href=\"https:\/\/nsbomi.com\/trgovine\/novosti\/otvaranje-ns-bomi-obilaznica\/\">\n\t\t\t\tOtvaranje Ns Bomi Obilaznica\t\t\t<\/a>\n\t\t<\/h3>\n\t\t\t\t<div class=\"elementor-post__excerpt\">\n\t\t\t<p>20.03.2025. otvoren je 15-ti po redu Ns Bomi market u Obrenovcu koji se nalazi na Obilaznici, na adresi Bo\u0161ka Buhe 56. U moderno opremljenom prostoru<\/p>\n\t\t<\/div>\n\t\t\n\t\t<a class=\"elementor-post__read-more\" href=\"https:\/\/nsbomi.com\/trgovine\/novosti\/otvaranje-ns-bomi-obilaznica\/\" aria-label=\"Read more about Otvaranje Ns Bomi Obilaznica\" tabindex=\"-1\">\n\t\t\tPro\u010ditaj vi\u0161e \u00bb\t\t<\/a>\n\n\t\t\t\t<\/div>\n\t\t\t\t<div class=\"elementor-post__meta-data\">\n\t\t\t\t\t<span class=\"elementor-post-date\">\n\t\t\t21 mart, 2025.\t\t<\/span>\n\t\t\t\t<\/div>\n\t\t\t\t\t<\/div>\n\t\t<\/article>\n\t\t\t\t<article class=\"elementor-post elementor-grid-item post-1694 post type-post status-publish format-standard has-post-thumbnail hentry category-novosti\" role=\"listitem\">\n\t\t\t<div class=\"elementor-post__card\">\n\t\t\t\t<a class=\"elementor-post__thumbnail__link\" href=\"https:\/\/nsbomi.com\/trgovine\/novosti\/dobitnici-nagradnog-konkursa-tvoj-naturella-trenutak\/\" tabindex=\"-1\"><div class=\"elementor-post__thumbnail\"><img loading=\"lazy\" decoding=\"async\" width=\"1500\" height=\"1125\" src=\"https:\/\/nsbomi.com\/trgovine\/wp-content\/uploads\/Naturella-trenutak-talon-200x150mm_v1-strana-A.webp\" class=\"attachment-full size-full wp-image-1695\" alt=\"\" srcset=\"https:\/\/nsbomi.com\/trgovine\/wp-content\/uploads\/Naturella-trenutak-talon-200x150mm_v1-strana-A.webp 1500w, https:\/\/nsbomi.com\/trgovine\/wp-content\/uploads\/Naturella-trenutak-talon-200x150mm_v1-strana-A-300x225.webp 300w, https:\/\/nsbomi.com\/trgovine\/wp-content\/uploads\/Naturella-trenutak-talon-200x150mm_v1-strana-A-1024x768.webp 1024w, https:\/\/nsbomi.com\/trgovine\/wp-content\/uploads\/Naturella-trenutak-talon-200x150mm_v1-strana-A-768x576.webp 768w\" sizes=\"(max-width: 1500px) 100vw, 1500px\" \/><\/div><\/a>\n\t\t\t\t<div class=\"elementor-post__text\">\n\t\t\t\t<h3 class=\"elementor-post__title\">\n\t\t\t<a href=\"https:\/\/nsbomi.com\/trgovine\/novosti\/dobitnici-nagradnog-konkursa-tvoj-naturella-trenutak\/\">\n\t\t\t\tDobitnici nagradnog konkursa &#8222;Tvoj Naturella trenutak&#8220;\t\t\t<\/a>\n\t\t<\/h3>\n\t\t\t\t<div class=\"elementor-post__excerpt\">\n\t\t\t<p>Dragi u\u010desnici, sa zadovoljstvom objavljujemo rezultate nagradnog konkursa &#8222;Tvoj Naturella trenutak&#8220;! Pravo u\u010de\u0161\u0107a imali su svi potro\u0161a\u010di koji su od 3. do 23. oktobra 2024.<\/p>\n\t\t<\/div>\n\t\t\n\t\t<a class=\"elementor-post__read-more\" href=\"https:\/\/nsbomi.com\/trgovine\/novosti\/dobitnici-nagradnog-konkursa-tvoj-naturella-trenutak\/\" aria-label=\"Read more about Dobitnici nagradnog konkursa &#8222;Tvoj Naturella trenutak&#8220;\" tabindex=\"-1\">\n\t\t\tPro\u010ditaj vi\u0161e \u00bb\t\t<\/a>\n\n\t\t\t\t<\/div>\n\t\t\t\t<div class=\"elementor-post__meta-data\">\n\t\t\t\t\t<span class=\"elementor-post-date\">\n\t\t\t13 novembar, 2024.\t\t<\/span>\n\t\t\t\t<\/div>\n\t\t\t\t\t<\/div>\n\t\t<\/article>\n\t\t\t\t<article class=\"elementor-post elementor-grid-item post-1675 post type-post status-publish format-standard has-post-thumbnail hentry category-novosti\" role=\"listitem\">\n\t\t\t<div class=\"elementor-post__card\">\n\t\t\t\t<a class=\"elementor-post__thumbnail__link\" href=\"https:\/\/nsbomi.com\/trgovine\/novosti\/ns-bomi-na-fmcg-summit-u-beograd-2024\/\" tabindex=\"-1\"><div class=\"elementor-post__thumbnail\"><img loading=\"lazy\" decoding=\"async\" width=\"965\" height=\"643\" src=\"https:\/\/nsbomi.com\/trgovine\/wp-content\/uploads\/logotipi.jpg\" class=\"attachment-full size-full wp-image-1677\" alt=\"\" srcset=\"https:\/\/nsbomi.com\/trgovine\/wp-content\/uploads\/logotipi.jpg 965w, https:\/\/nsbomi.com\/trgovine\/wp-content\/uploads\/logotipi-300x200.jpg 300w, https:\/\/nsbomi.com\/trgovine\/wp-content\/uploads\/logotipi-768x512.jpg 768w\" sizes=\"(max-width: 965px) 100vw, 965px\" \/><\/div><\/a>\n\t\t\t\t<div class=\"elementor-post__text\">\n\t\t\t\t<h3 class=\"elementor-post__title\">\n\t\t\t<a href=\"https:\/\/nsbomi.com\/trgovine\/novosti\/ns-bomi-na-fmcg-summit-u-beograd-2024\/\">\n\t\t\t\tNs Bomi na FMCG SUMMIT-u Beograd 2024\t\t\t<\/a>\n\t\t<\/h3>\n\t\t\t\t<div class=\"elementor-post__excerpt\">\n\t\t\t<p>U Beogradskom Sava Centru, 4. oktobra 2024, odr\u017ean je 11. FMCG SUMMIT, doga\u0111aj koji okuplja klju\u010dne aktere iz sektora robe \u0161iroke potro\u0161nje i prate\u0107ih industrija.<\/p>\n\t\t<\/div>\n\t\t\n\t\t<a class=\"elementor-post__read-more\" href=\"https:\/\/nsbomi.com\/trgovine\/novosti\/ns-bomi-na-fmcg-summit-u-beograd-2024\/\" aria-label=\"Read more about Ns Bomi na FMCG SUMMIT-u Beograd 2024\" tabindex=\"-1\">\n\t\t\tPro\u010ditaj vi\u0161e \u00bb\t\t<\/a>\n\n\t\t\t\t<\/div>\n\t\t\t\t<div class=\"elementor-post__meta-data\">\n\t\t\t\t\t<span class=\"elementor-post-date\">\n\t\t\t4 novembar, 2024.\t\t<\/span>\n\t\t\t\t<\/div>\n\t\t\t\t\t<\/div>\n\t\t<\/article>\n\t\t\t\t<article class=\"elementor-post elementor-grid-item post-1666 post type-post status-publish format-standard has-post-thumbnail hentry category-uncategorized\" role=\"listitem\">\n\t\t\t<div class=\"elementor-post__card\">\n\t\t\t\t<a class=\"elementor-post__thumbnail__link\" href=\"https:\/\/nsbomi.com\/trgovine\/uncategorized\/metalac-akcija-50-u-svim-ns-bomi-marketima\/\" tabindex=\"-1\"><div class=\"elementor-post__thumbnail\"><img loading=\"lazy\" decoding=\"async\" width=\"905\" height=\"1280\" src=\"https:\/\/nsbomi.com\/trgovine\/wp-content\/uploads\/a4-plakat.webp\" class=\"attachment-full size-full wp-image-1667\" alt=\"\" srcset=\"https:\/\/nsbomi.com\/trgovine\/wp-content\/uploads\/a4-plakat.webp 905w, https:\/\/nsbomi.com\/trgovine\/wp-content\/uploads\/a4-plakat-212x300.webp 212w, https:\/\/nsbomi.com\/trgovine\/wp-content\/uploads\/a4-plakat-724x1024.webp 724w, https:\/\/nsbomi.com\/trgovine\/wp-content\/uploads\/a4-plakat-768x1086.webp 768w\" sizes=\"(max-width: 905px) 100vw, 905px\" \/><\/div><\/a>\n\t\t\t\t<div class=\"elementor-post__text\">\n\t\t\t\t<h3 class=\"elementor-post__title\">\n\t\t\t<a href=\"https:\/\/nsbomi.com\/trgovine\/uncategorized\/metalac-akcija-50-u-svim-ns-bomi-marketima\/\">\n\t\t\t\tMetalac akcija \u00a0-50% u svim Ns Bomi marketima\t\t\t<\/a>\n\t\t<\/h3>\n\t\t\t\t<div class=\"elementor-post__excerpt\">\n\t\t\t<p>01.11.2024. &#8211; \u00a020.01.2025. \u00b7 Na svakih 800 dinara potro\u0161enih na jednom fiskalnom ra\u010dunu, dobijate jednu markicu. \u00b7 Markice mo\u017eete sakupljati od 01.11.2024. do 20.01.2025.a posu\u0111e<\/p>\n\t\t<\/div>\n\t\t\n\t\t<a class=\"elementor-post__read-more\" href=\"https:\/\/nsbomi.com\/trgovine\/uncategorized\/metalac-akcija-50-u-svim-ns-bomi-marketima\/\" aria-label=\"Read more about Metalac akcija \u00a0-50% u svim Ns Bomi marketima\" tabindex=\"-1\">\n\t\t\tPro\u010ditaj vi\u0161e \u00bb\t\t<\/a>\n\n\t\t\t\t<\/div>\n\t\t\t\t<div class=\"elementor-post__meta-data\">\n\t\t\t\t\t<span class=\"elementor-post-date\">\n\t\t\t31 oktobar, 2024.\t\t<\/span>\n\t\t\t\t<\/div>\n\t\t\t\t\t<\/div>\n\t\t<\/article>\n\t\t\t\t<article class=\"elementor-post elementor-grid-item post-867 post type-post status-publish format-standard has-post-thumbnail hentry category-novosti\" role=\"listitem\">\n\t\t\t<div class=\"elementor-post__card\">\n\t\t\t\t<a class=\"elementor-post__thumbnail__link\" href=\"https:\/\/nsbomi.com\/trgovine\/novosti\/nacini-placanja\/\" tabindex=\"-1\"><div class=\"elementor-post__thumbnail\"><img loading=\"lazy\" decoding=\"async\" width=\"1280\" height=\"853\" src=\"https:\/\/nsbomi.com\/trgovine\/wp-content\/uploads\/nacini-placanja.webp\" class=\"attachment-full size-full wp-image-868\" alt=\"\" srcset=\"https:\/\/nsbomi.com\/trgovine\/wp-content\/uploads\/nacini-placanja.webp 1280w, https:\/\/nsbomi.com\/trgovine\/wp-content\/uploads\/nacini-placanja-300x200.webp 300w, https:\/\/nsbomi.com\/trgovine\/wp-content\/uploads\/nacini-placanja-1024x682.webp 1024w, https:\/\/nsbomi.com\/trgovine\/wp-content\/uploads\/nacini-placanja-768x512.webp 768w, https:\/\/nsbomi.com\/trgovine\/wp-content\/uploads\/nacini-placanja-600x400.webp 600w\" sizes=\"(max-width: 1280px) 100vw, 1280px\" \/><\/div><\/a>\n\t\t\t\t<div class=\"elementor-post__text\">\n\t\t\t\t<h3 class=\"elementor-post__title\">\n\t\t\t<a href=\"https:\/\/nsbomi.com\/trgovine\/novosti\/nacini-placanja\/\">\n\t\t\t\tNa\u010dini pla\u0107anja\t\t\t<\/a>\n\t\t<\/h3>\n\t\t\t\t<div class=\"elementor-post__excerpt\">\n\t\t\t<p>Omogu\u0107ili smo vi\u0161e na\u010dina pla\u0107anja. Gotovina (RSD) Platne kartice \u010cekovima gra\u0111ana uz mogu\u0107nost odlo\u017eenog pla\u0107anja do 150 dana za isnos ra\u010duna preko 2000din. Za kupce<\/p>\n\t\t<\/div>\n\t\t\n\t\t<a class=\"elementor-post__read-more\" href=\"https:\/\/nsbomi.com\/trgovine\/novosti\/nacini-placanja\/\" aria-label=\"Read more about Na\u010dini pla\u0107anja\" tabindex=\"-1\">\n\t\t\tPro\u010ditaj vi\u0161e \u00bb\t\t<\/a>\n\n\t\t\t\t<\/div>\n\t\t\t\t<div class=\"elementor-post__meta-data\">\n\t\t\t\t\t<span class=\"elementor-post-date\">\n\t\t\t12 septembar, 2022.\t\t<\/span>\n\t\t\t\t<\/div>\n\t\t\t\t\t<\/div>\n\t\t<\/article>\n\t\t\t\t<article class=\"elementor-post elementor-grid-item post-864 post type-post status-publish format-standard has-post-thumbnail hentry category-novosti\" role=\"listitem\">\n\t\t\t<div class=\"elementor-post__card\">\n\t\t\t\t<a class=\"elementor-post__thumbnail__link\" href=\"https:\/\/nsbomi.com\/trgovine\/novosti\/penzionerski-popust\/\" tabindex=\"-1\"><div class=\"elementor-post__thumbnail\"><img loading=\"lazy\" decoding=\"async\" width=\"2560\" height=\"2560\" src=\"https:\/\/nsbomi.com\/trgovine\/wp-content\/uploads\/tara-clark-Gk8LG7dsHWA-unsplash-scaled.webp\" class=\"attachment-full size-full wp-image-865\" alt=\"\" srcset=\"https:\/\/nsbomi.com\/trgovine\/wp-content\/uploads\/tara-clark-Gk8LG7dsHWA-unsplash-scaled.webp 2560w, https:\/\/nsbomi.com\/trgovine\/wp-content\/uploads\/tara-clark-Gk8LG7dsHWA-unsplash-300x300.webp 300w, https:\/\/nsbomi.com\/trgovine\/wp-content\/uploads\/tara-clark-Gk8LG7dsHWA-unsplash-1024x1024.webp 1024w, https:\/\/nsbomi.com\/trgovine\/wp-content\/uploads\/tara-clark-Gk8LG7dsHWA-unsplash-150x150.webp 150w, https:\/\/nsbomi.com\/trgovine\/wp-content\/uploads\/tara-clark-Gk8LG7dsHWA-unsplash-768x768.webp 768w, https:\/\/nsbomi.com\/trgovine\/wp-content\/uploads\/tara-clark-Gk8LG7dsHWA-unsplash-1536x1536.webp 1536w, https:\/\/nsbomi.com\/trgovine\/wp-content\/uploads\/tara-clark-Gk8LG7dsHWA-unsplash-2048x2048.webp 2048w, https:\/\/nsbomi.com\/trgovine\/wp-content\/uploads\/tara-clark-Gk8LG7dsHWA-unsplash-600x600.webp 600w, https:\/\/nsbomi.com\/trgovine\/wp-content\/uploads\/tara-clark-Gk8LG7dsHWA-unsplash-100x100.webp 100w\" sizes=\"(max-width: 2560px) 100vw, 2560px\" \/><\/div><\/a>\n\t\t\t\t<div class=\"elementor-post__text\">\n\t\t\t\t<h3 class=\"elementor-post__title\">\n\t\t\t<a href=\"https:\/\/nsbomi.com\/trgovine\/novosti\/penzionerski-popust\/\">\n\t\t\t\tPenzionerski popust\t\t\t<\/a>\n\t\t<\/h3>\n\t\t\t\t<div class=\"elementor-post__excerpt\">\n\t\t\t<p>Obezbedili smo penzionerski popust svakog 10,11,12. u mesecu -10% osim na : sve\u017ee meso, suncokretovo ulje, mleko UHT, \u0161e\u0107er beli kristal, hleb pod uredbom, cigarete,<\/p>\n\t\t<\/div>\n\t\t\n\t\t<a class=\"elementor-post__read-more\" href=\"https:\/\/nsbomi.com\/trgovine\/novosti\/penzionerski-popust\/\" aria-label=\"Read more about Penzionerski popust\" tabindex=\"-1\">\n\t\t\tPro\u010ditaj vi\u0161e \u00bb\t\t<\/a>\n\n\t\t\t\t<\/div>\n\t\t\t\t<div class=\"elementor-post__meta-data\">\n\t\t\t\t\t<span class=\"elementor-post-date\">\n\t\t\t12 septembar, 2022.\t\t<\/span>\n\t\t\t\t<\/div>\n\t\t\t\t\t<\/div>\n\t\t<\/article>\n\t\t\t\t<\/div>\n\t\t\n\t\t\t\t\t\t<\/div>\n\t\t\t\t<\/div>\n\t\t\t\t\t<\/div>\n\t\t<\/div>\n\t\t\t\t\t<\/div>\n\t\t<\/section>\n\t\t\t\t<\/div>\n\t\t","protected":false},"excerpt":{"rendered":"","protected":false},"author":2,"featured_media":0,"parent":0,"menu_order":0,"comment_status":"closed","ping_status":"closed","template":"","meta":{"footnotes":""},"class_list":["post-1029","page","type-page","status-publish","hentry"],"_links":{"self":[{"href":"https:\/\/nsbomi.com\/trgovine\/wp-json\/wp\/v2\/pages\/1029","targetHints":{"allow":["GET"]}}],"collection":[{"href":"https:\/\/nsbomi.com\/trgovine\/wp-json\/wp\/v2\/pages"}],"about":[{"href":"https:\/\/nsbomi.com\/trgovine\/wp-json\/wp\/v2\/types\/page"}],"author":[{"embeddable":true,"href":"https:\/\/nsbomi.com\/trgovine\/wp-json\/wp\/v2\/users\/2"}],"replies":[{"embeddable":true,"href":"https:\/\/nsbomi.com\/trgovine\/wp-json\/wp\/v2\/comments?post=1029"}],"version-history":[{"count":1,"href":"https:\/\/nsbomi.com\/trgovine\/wp-json\/wp\/v2\/pages\/1029\/revisions"}],"predecessor-version":[{"id":1030,"href":"https:\/\/nsbomi.com\/trgovine\/wp-json\/wp\/v2\/pages\/1029\/revisions\/1030"}],"wp:attachment":[{"href":"https:\/\/nsbomi.com\/trgovine\/wp-json\/wp\/v2\/media?parent=1029"}],"curies":[{"name":"wp","href":"https:\/\/api.w.org\/{rel}","templated":true}]}}